{"id":1620,"date":"2020-08-25T03:56:24","date_gmt":"2020-08-25T01:56:24","guid":{"rendered":"http:\/\/handball-dettingen.de\/cms\/?page_id=1620"},"modified":"2020-08-27T05:15:23","modified_gmt":"2020-08-27T03:15:23","slug":"anfahrt-lindenhalle","status":"publish","type":"page","link":"https:\/\/handball-dettingen.de\/cms\/anfahrt-lindenhalle\/","title":{"rendered":"Anfahrt Lindenhalle"},"content":{"rendered":"<p>Lindenhalle Dettingen<br \/>\nQuerstra\u00dfe 14<br \/>\n89547 Dettingen<\/p>\n<p>Die Parkpl\u00e4tze direkt vor der Lindenhalle in der Querstra\u00dfe sind begrenzt.<br \/>\nDer gro\u00dfe Parkplatz der Grundschule Dettingen liegt direkt hinter der Lindenhalle und ist \u00fcber die M\u00fchlstrasse zu erreichen. Der Weg dort hin ist ausgeschildert.<\/p>\n","protected":false},"excerpt":{"rendered":"<p>Lindenhalle Dettingen Querstra\u00dfe 14 89547 Dettingen Die Parkpl\u00e4tze direkt vor der Lindenhalle in der Querstra\u00dfe [&hellip;]<\/p>\n","protected":false},"author":1,"featured_media":0,"parent":0,"menu_order":0,"comment_status":"closed","ping_status":"closed","template":"","meta":{"_mc_calendar":[],"footnotes":""},"class_list":["post-1620","page","type-page","status-publish","hentry"],"_links":{"self":[{"href":"https:\/\/handball-dettingen.de\/cms\/wp-json\/wp\/v2\/pages\/1620","targetHints":{"allow":["GET"]}}],"collection":[{"href":"https:\/\/handball-dettingen.de\/cms\/wp-json\/wp\/v2\/pages"}],"about":[{"href":"https:\/\/handball-dettingen.de\/cms\/wp-json\/wp\/v2\/types\/page"}],"author":[{"embeddable":true,"href":"https:\/\/handball-dettingen.de\/cms\/wp-json\/wp\/v2\/users\/1"}],"replies":[{"embeddable":true,"href":"https:\/\/handball-dettingen.de\/cms\/wp-json\/wp\/v2\/comments?post=1620"}],"version-history":[{"count":6,"href":"https:\/\/handball-dettingen.de\/cms\/wp-json\/wp\/v2\/pages\/1620\/revisions"}],"predecessor-version":[{"id":1755,"href":"https:\/\/handball-dettingen.de\/cms\/wp-json\/wp\/v2\/pages\/1620\/revisions\/1755"}],"wp:attachment":[{"href":"https:\/\/handball-dettingen.de\/cms\/wp-json\/wp\/v2\/media?parent=1620"}],"curies":[{"name":"wp","href":"https:\/\/api.w.org\/{rel}","templated":true}]}}