{"id":1848,"date":"2020-09-24T03:08:44","date_gmt":"2020-09-24T01:08:44","guid":{"rendered":"http:\/\/handball-dettingen.de\/cms\/?page_id=1848"},"modified":"2023-11-02T21:53:07","modified_gmt":"2023-11-02T20:53:07","slug":"maenner-ah","status":"publish","type":"page","link":"https:\/\/handball-dettingen.de\/cms\/maenner-ah\/","title":{"rendered":"M\u00e4nner (AH)"},"content":{"rendered":"\n<div class=\"wp-block-columns is-layout-flex wp-container-core-columns-is-layout-9d6595d7 wp-block-columns-is-layout-flex\">\n<div class=\"wp-block-column is-layout-flow wp-block-column-is-layout-flow\" style=\"flex-basis:33.33%\">\n<p>Trainer:<br>Michael Grosser<\/p>\n\n\n\n<p>Liga:<br>Kein Spielbetrieb. Reine Bewegungstherapie f\u00fcr die \u00e4lteren Semester, meist in Form von Fu\u00dfball, um die alten Knochen etwas in Schwung zu halten. Zus\u00e4tzlich gelegentliche Ausfl\u00fcge zur Unterst\u00fctzung der regionalen Gastronomie. Jeder der etwas Bewegungsdrang und das Bed\u00fcrfnis nach Geselligkeit versp\u00fcrt ist hier gerne willkommen.<\/p>\n\n\n\n<p>Trainingszeiten:<br>Donnerstag: ab 21:00 Uhr <\/p>\n<\/div>\n\n\n\n<div class=\"wp-block-column is-layout-flow wp-block-column-is-layout-flow\" style=\"flex-basis:66.66%\">\n<figure class=\"wp-block-image size-large\"><img decoding=\"async\" width=\"1024\" height=\"576\" src=\"http:\/\/handball-dettingen.de\/cms\/wp-content\/uploads\/2023\/07\/WhatsApp-Image-2023-06-30-at-15.02.491-1024x576.jpeg\" alt=\"\" class=\"wp-image-2515\" srcset=\"https:\/\/handball-dettingen.de\/cms\/wp-content\/uploads\/2023\/07\/WhatsApp-Image-2023-06-30-at-15.02.491-1024x576.jpeg 1024w, https:\/\/handball-dettingen.de\/cms\/wp-content\/uploads\/2023\/07\/WhatsApp-Image-2023-06-30-at-15.02.491-300x169.jpeg 300w, https:\/\/handball-dettingen.de\/cms\/wp-content\/uploads\/2023\/07\/WhatsApp-Image-2023-06-30-at-15.02.491-768x432.jpeg 768w, https:\/\/handball-dettingen.de\/cms\/wp-content\/uploads\/2023\/07\/WhatsApp-Image-2023-06-30-at-15.02.491.jpeg 1280w\" sizes=\"(max-width: 1024px) 100vw, 1024px\" \/><\/figure>\n\n\n\n<p>Spieler: Mal mehr mal weniger<\/p>\n<\/div>\n<\/div>\n","protected":false},"excerpt":{"rendered":"<p>Trainer:Michael Grosser Liga:Kein Spielbetrieb. Reine Bewegungstherapie f\u00fcr die \u00e4lteren Semester, meist in Form von Fu\u00dfball, [&hellip;]<\/p>\n","protected":false},"author":1,"featured_media":0,"parent":0,"menu_order":0,"comment_status":"closed","ping_status":"closed","template":"","meta":{"_mc_calendar":[],"footnotes":""},"class_list":["post-1848","page","type-page","status-publish","hentry"],"_links":{"self":[{"href":"https:\/\/handball-dettingen.de\/cms\/wp-json\/wp\/v2\/pages\/1848","targetHints":{"allow":["GET"]}}],"collection":[{"href":"https:\/\/handball-dettingen.de\/cms\/wp-json\/wp\/v2\/pages"}],"about":[{"href":"https:\/\/handball-dettingen.de\/cms\/wp-json\/wp\/v2\/types\/page"}],"author":[{"embeddable":true,"href":"https:\/\/handball-dettingen.de\/cms\/wp-json\/wp\/v2\/users\/1"}],"replies":[{"embeddable":true,"href":"https:\/\/handball-dettingen.de\/cms\/wp-json\/wp\/v2\/comments?post=1848"}],"version-history":[{"count":9,"href":"https:\/\/handball-dettingen.de\/cms\/wp-json\/wp\/v2\/pages\/1848\/revisions"}],"predecessor-version":[{"id":2638,"href":"https:\/\/handball-dettingen.de\/cms\/wp-json\/wp\/v2\/pages\/1848\/revisions\/2638"}],"wp:attachment":[{"href":"https:\/\/handball-dettingen.de\/cms\/wp-json\/wp\/v2\/media?parent=1848"}],"curies":[{"name":"wp","href":"https:\/\/api.w.org\/{rel}","templated":true}]}}